{"id":604,"date":"2023-05-02T12:19:15","date_gmt":"2023-05-02T11:19:15","guid":{"rendered":"https:\/\/manasul.pt\/?post_type=product&#038;p=604"},"modified":"2025-05-22T22:53:54","modified_gmt":"2025-05-22T21:53:54","slug":"manasul-diet","status":"publish","type":"product","link":"https:\/\/manasul.pt\/index.php\/produto\/manasul-diet\/","title":{"rendered":"Manasul Diet"},"content":{"rendered":"<h5>A infus\u00e3o Manasul Diet \u00e9 um produto de qualidade:<\/h5>\n<ul>\n<li>Sem gl\u00faten, adequado para cel\u00edacos<\/li>\n<li>Sem a\u00e7\u00facar, adequado para diab\u00e9ticos<\/li>\n<li>Sem lactose, adequado para intolerantes \u00e0 lactose<\/li>\n<li>N\u00e3o geneticamente modificado<\/li>\n<li>Adequado para veganos e vegetarianos<\/li>\n<\/ul>\n<h5>Aviso Legal:<\/h5>\n<ul>\n<li>Este produto n\u00e3o deve ser consumido por crian\u00e7as menores de 12 anos, gestantes ou pessoas com problemas gastrointestinais.<\/li>\n<li>A sua utiliza\u00e7\u00e3o n\u00e3o se destina ao tratamento da obstipa\u00e7\u00e3o cr\u00f3nica, consulte o seu m\u00e9dico se o problema persistir.<\/li>\n<li>N\u00e3o consumir em caso de alergia a alguma destas plantas.<\/li>\n<li>N\u00e3o exceder a dose di\u00e1ria recomendada.<\/li>\n<li>Este produto n\u00e3o deve ser utilizado como substituto de um regime alimentar equilibrado.<\/li>\n<li>Armazene em local fresco e seco.<\/li>\n<li>Manter fora do alcance das crian\u00e7as.<\/li>\n<\/ul>\n<h5>Em caso de d\u00favida consulte o seu m\u00e9dico ou farmac\u00eautico antes de usar.<\/h5>\n","protected":false},"excerpt":{"rendered":"<div class=\"producto-descripcion\">\n<div class=\"producto-descripcion\">\n<p>Uma agrad\u00e1vel infus\u00e3o que complementa a sua dieta.<\/p>\n<ul>\n<li>Regula o tr\u00e2nsito intestinal<\/li>\n<li>Combate a obstipa\u00e7\u00e3o<\/li>\n<li>Adelga\u00e7ante<\/li>\n<li>Ajuda no controle de peso<\/li>\n<\/ul>\n<div class=\"producto-preparacion\">\n<div class=\"producto-ingredientes\">\n<h5>Ingredientes:<\/h5>\n<p>Sene (0,75g) , cavalinha, hortel\u00e3, ervacidreira e alca\u00e7uz.<\/p>\n<\/div>\n<\/div>\n<\/div>\n<div class=\"producto-precauciones\">\n<div class=\"producto-preparacion\">\n<div class=\"producto-ingredientes\">\n<h5>Uso recomendado:<\/h5>\n<p>Tome 1 ch\u00e1vena por dia, de prefer\u00eancia antes de deitar.<\/p>\n<h5>Modo de prepara\u00e7\u00e3o:<\/h5>\n<\/div>\n<div class=\"producto-preparacion\">\n<p>Come\u00e7ar com 1\/2 ch\u00e1vena. Ponha uma saqueta de Manasul em \u00e1gua a ferver, deixe repousar 5 minutos, adoce a seu gosto e desfrute do agrad\u00e1vel sabor.<\/p>\n<p><img decoding=\"async\" class=\"alignnone size-medium wp-image-333\" src=\"https:\/\/manasul.pt\/wp-content\/uploads\/2023\/04\/5-min-100-300x103.png\" alt=\"\" width=\"300\" height=\"103\" srcset=\"https:\/\/manasul.pt\/wp-content\/uploads\/2023\/04\/5-min-100-300x103.png 300w, https:\/\/manasul.pt\/wp-content\/uploads\/2023\/04\/5-min-100.png 454w\" sizes=\"(max-width: 300px) 100vw, 300px\" \/><\/p>\n<\/div>\n<div class=\"producto-precauciones\">\n<p>&nbsp;<\/p>\n<\/div>\n<\/div>\n<div class=\"producto-precauciones\">\n<div class=\"producto-preparacion\">\n<div class=\"producto-precauciones\">\n<p><strong>Formato:<\/strong>\u00a025 saquetas 1,5 gr<\/p>\n<\/div>\n<\/div>\n<\/div>\n<div class=\"producto-formatos\">\n<p><strong>C.N.P.:<\/strong>\u00a06526277<\/p>\n<\/div>\n<p><img decoding=\"async\" class=\"alignnone size-medium wp-image-189\" src=\"https:\/\/manasul.pt\/wp-content\/uploads\/2023\/04\/logo_hepa_t_manasul-300x43.png\" alt=\"\" width=\"300\" height=\"43\" srcset=\"https:\/\/manasul.pt\/wp-content\/uploads\/2023\/04\/logo_hepa_t_manasul-300x43.png 300w, https:\/\/manasul.pt\/wp-content\/uploads\/2023\/04\/logo_hepa_t_manasul.png 476w\" sizes=\"(max-width: 300px) 100vw, 300px\" \/><\/p>\n<\/div>\n<\/div>\n","protected":false},"featured_media":176,"template":"","meta":[],"product_brand":[],"product_cat":[17],"product_tag":[22,32,30,31,21,33,18,60,20],"class_list":{"0":"post-604","1":"product","2":"type-product","3":"status-publish","4":"has-post-thumbnail","6":"product_cat-infusoes-manasul","7":"product_tag-adelgacante","8":"product_tag-cha","9":"product_tag-digestao","10":"product_tag-digestivo","11":"product_tag-emagrecimento","12":"product_tag-infusao","13":"product_tag-manasul","14":"product_tag-perda-de-peso","15":"product_tag-portugal","17":"first","18":"instock","19":"shipping-taxable","20":"product-type-simple"},"_links":{"self":[{"href":"https:\/\/manasul.pt\/index.php\/wp-json\/wp\/v2\/product\/604","targetHints":{"allow":["GET"]}}],"collection":[{"href":"https:\/\/manasul.pt\/index.php\/wp-json\/wp\/v2\/product"}],"about":[{"href":"https:\/\/manasul.pt\/index.php\/wp-json\/wp\/v2\/types\/product"}],"version-history":[{"count":0,"href":"https:\/\/manasul.pt\/index.php\/wp-json\/wp\/v2\/product\/604\/revisions"}],"wp:featuredmedia":[{"embeddable":true,"href":"https:\/\/manasul.pt\/index.php\/wp-json\/wp\/v2\/media\/176"}],"wp:attachment":[{"href":"https:\/\/manasul.pt\/index.php\/wp-json\/wp\/v2\/media?parent=604"}],"wp:term":[{"taxonomy":"product_brand","embeddable":true,"href":"https:\/\/manasul.pt\/index.php\/wp-json\/wp\/v2\/product_brand?post=604"},{"taxonomy":"product_cat","embeddable":true,"href":"https:\/\/manasul.pt\/index.php\/wp-json\/wp\/v2\/product_cat?post=604"},{"taxonomy":"product_tag","embeddable":true,"href":"https:\/\/manasul.pt\/index.php\/wp-json\/wp\/v2\/product_tag?post=604"}],"curies":[{"name":"wp","href":"https:\/\/api.w.org\/{rel}","templated":true}]}}