{"id":181,"date":"2023-04-17T09:24:40","date_gmt":"2023-04-17T08:24:40","guid":{"rendered":"https:\/\/manasul.pt\/?post_type=product&#038;p=181"},"modified":"2025-05-19T20:59:53","modified_gmt":"2025-05-19T19:59:53","slug":"manasul-hepa-t","status":"publish","type":"product","link":"https:\/\/manasul.pt\/index.php\/produto\/manasul-hepa-t\/","title":{"rendered":"Manasul Hepa-T"},"content":{"rendered":"<h5>A infus\u00e3o Manasul Hepa-T\u00a0 \u00e9 um produto de qualidade:<\/h5>\n<ul>\n<li>Sem gl\u00faten, adequado para cel\u00edacos<\/li>\n<li>Sem a\u00e7\u00facar, adequado para diab\u00e9ticos<\/li>\n<li>Sem lactose, adequado para intolerantes \u00e0 lactose<\/li>\n<li>N\u00e3o geneticamente modificado<\/li>\n<li>Adequado para veganos e vegetarianos<\/li>\n<\/ul>\n<h5>Aviso Legal:<\/h5>\n<ul>\n<li>Consumir a partir de 12 anos de idade.<\/li>\n<li>Em caso de gravidez, consulte o seu m\u00e9dico<\/li>\n<li>N\u00e3o exceder a dose di\u00e1ria recomendada.<\/li>\n<li>N\u00e3o consumir em caso de alergia a alguma destas plantas.<\/li>\n<li>Este produto n\u00e3o deve ser utilizado como substituto de um regime alimentar equilibrado.<\/li>\n<li>Armazene em local fresco e seco.<\/li>\n<li>Manter fora do alcance das crian\u00e7as.<\/li>\n<\/ul>\n<h5>Em caso de d\u00favida consulte o seu m\u00e9dico ou farmac\u00eautico antes de usar.<\/h5>\n","protected":false},"excerpt":{"rendered":"<div class=\"producto-descripcion\">\n<div class=\"producto-descripcion\">\u00a0Infus\u00e3o que facilita a fun\u00e7\u00e3o hep\u00e1tica.<\/div>\n<div class=\"producto-precauciones\">\n<ul>\n<li>Facilita o funcionamento do f\u00edgado<\/li>\n<li>Favorece a digest\u00e3o<\/li>\n<li>Combate a azia no est\u00f4mago<\/li>\n<\/ul>\n<div class=\"producto-preparacion\">\n<div class=\"producto-ingredientes\">\n<h5>Ingredientes:<\/h5>\n<p>Bodo, alecrim, c\u00farcuma e dente de le\u00e3o.<\/p>\n<p>Por conter Boldo, Alecrim, C\u00farcuma e Dente de Le\u00e3o, facilita o funcionamento do f\u00edgado e favorece a digest\u00e3o.<\/p>\n<h5>Uso recomendado:<\/h5>\n<p>Tomar 3 infus\u00f5es ao dia, ap\u00f3s as refei\u00e7\u00f5es.<\/p>\n<h5>Modo de prepara\u00e7\u00e3o:<\/h5>\n<\/div>\n<div class=\"producto-preparacion\">\n<p>Come\u00e7ar com 1\/2 ch\u00e1vena. Ponha uma saqueta de Manasul em \u00e1gua a ferver, deixe repousar 5 minutos, adoce a seu gosto e desfrute do agrad\u00e1vel sabor.<\/p>\n<p><img decoding=\"async\" class=\"alignnone size-medium wp-image-333\" src=\"https:\/\/manasul.pt\/wp-content\/uploads\/2023\/04\/5-min-100-300x103.png\" alt=\"\" width=\"300\" height=\"103\" srcset=\"https:\/\/manasul.pt\/wp-content\/uploads\/2023\/04\/5-min-100-300x103.png 300w, https:\/\/manasul.pt\/wp-content\/uploads\/2023\/04\/5-min-100.png 454w\" sizes=\"(max-width: 300px) 100vw, 300px\" \/><\/p>\n<\/div>\n<div class=\"producto-precauciones\">\n<p>&nbsp;<\/p>\n<\/div>\n<\/div>\n<p><strong>Formato:<\/strong>\u00a025 saquetas 1,5 gr<\/p>\n<p><strong>C.N.P.:<\/strong> 6526319<\/p>\n<p><img decoding=\"async\" class=\"alignnone size-medium wp-image-189\" src=\"https:\/\/manasul.pt\/wp-content\/uploads\/2023\/04\/logo_hepa_t_manasul-300x43.png\" alt=\"\" width=\"300\" height=\"43\" srcset=\"https:\/\/manasul.pt\/wp-content\/uploads\/2023\/04\/logo_hepa_t_manasul-300x43.png 300w, https:\/\/manasul.pt\/wp-content\/uploads\/2023\/04\/logo_hepa_t_manasul.png 476w\" sizes=\"(max-width: 300px) 100vw, 300px\" \/><\/p>\n<\/div>\n<\/div>\n","protected":false},"featured_media":184,"template":"","meta":[],"product_brand":[],"product_cat":[17],"product_tag":[22,29,32,30,31,21,28,27,33,18,23,20],"class_list":{"0":"post-181","1":"product","2":"type-product","3":"status-publish","4":"has-post-thumbnail","6":"product_cat-infusoes-manasul","7":"product_tag-adelgacante","8":"product_tag-azia","9":"product_tag-cha","10":"product_tag-digestao","11":"product_tag-digestivo","12":"product_tag-emagrecimento","13":"product_tag-figado","14":"product_tag-hepa-t","15":"product_tag-infusao","16":"product_tag-manasul","17":"product_tag-pedra-de-peso","18":"product_tag-portugal","20":"first","21":"instock","22":"shipping-taxable","23":"product-type-simple"},"_links":{"self":[{"href":"https:\/\/manasul.pt\/index.php\/wp-json\/wp\/v2\/product\/181","targetHints":{"allow":["GET"]}}],"collection":[{"href":"https:\/\/manasul.pt\/index.php\/wp-json\/wp\/v2\/product"}],"about":[{"href":"https:\/\/manasul.pt\/index.php\/wp-json\/wp\/v2\/types\/product"}],"version-history":[{"count":0,"href":"https:\/\/manasul.pt\/index.php\/wp-json\/wp\/v2\/product\/181\/revisions"}],"wp:featuredmedia":[{"embeddable":true,"href":"https:\/\/manasul.pt\/index.php\/wp-json\/wp\/v2\/media\/184"}],"wp:attachment":[{"href":"https:\/\/manasul.pt\/index.php\/wp-json\/wp\/v2\/media?parent=181"}],"wp:term":[{"taxonomy":"product_brand","embeddable":true,"href":"https:\/\/manasul.pt\/index.php\/wp-json\/wp\/v2\/product_brand?post=181"},{"taxonomy":"product_cat","embeddable":true,"href":"https:\/\/manasul.pt\/index.php\/wp-json\/wp\/v2\/product_cat?post=181"},{"taxonomy":"product_tag","embeddable":true,"href":"https:\/\/manasul.pt\/index.php\/wp-json\/wp\/v2\/product_tag?post=181"}],"curies":[{"name":"wp","href":"https:\/\/api.w.org\/{rel}","templated":true}]}}