{"id":17,"date":"2023-04-12T11:03:37","date_gmt":"2023-04-12T10:03:37","guid":{"rendered":"https:\/\/manasul.pt\/index.php\/about\/"},"modified":"2025-05-19T17:46:12","modified_gmt":"2025-05-19T16:46:12","slug":"historia-manasul","status":"publish","type":"page","link":"https:\/\/manasul.pt\/index.php\/historia-manasul\/","title":{"rendered":"Historia Manasul"},"content":{"rendered":"\t\t<div data-elementor-type=\"wp-page\" data-elementor-id=\"17\" class=\"elementor elementor-17\" data-elementor-post-type=\"page\">\n\t\t\t\t\t\t<section class=\"elementor-section elementor-top-section elementor-element elementor-element-2139b38 elementor-section-boxed elementor-section-height-default elementor-section-height-default wpr-particle-no wpr-jarallax-no wpr-parallax-no wpr-sticky-section-no wpr-equal-height-no\" data-id=\"2139b38\" data-element_type=\"section\" data-e-type=\"section\">\n\t\t\t\t\t\t<div class=\"elementor-container elementor-column-gap-default\">\n\t\t\t\t\t<div class=\"elementor-column elementor-col-100 elementor-top-column elementor-element elementor-element-ab4b5d9\" data-id=\"ab4b5d9\" data-element_type=\"column\" data-e-type=\"column\">\n\t\t\t<div class=\"elementor-widget-wrap elementor-element-populated\">\n\t\t\t\t\t\t<div class=\"elementor-element elementor-element-e653007 wpr-list-style-none elementor-widget elementor-widget-wpr-posts-timeline\" data-id=\"e653007\" data-element_type=\"widget\" data-e-type=\"widget\" data-settings=\"{&quot;animation_offset&quot;:150,&quot;aos_animation_duration&quot;:600}\" data-widget_type=\"wpr-posts-timeline.default\">\n\t\t\t\t<div class=\"elementor-widget-container\">\n\t\t\t\t\t\n\t\t<div class=\"wpr-wrapper wpr-vertical wpr-centered\">\n\t\t\t<div class=\"wpr-timeline-centered wpr-line wpr-both-sided-timeline\"><div class=\"wpr-middle-line\"><\/div><div class=\"wpr-timeline-fill\" data-layout=\"centered\"><\/div><span class=\"wpr-year-wrap\"><span class=\"wpr-year-label wpr-year\">El Bierzo<\/span><\/span><article class=\"wpr-timeline-entry wpr-left-aligned elementor-repeater-item-0ef76a2\" data-item-id=\"elementor-repeater-item-0ef76a2\"><time class=\"wpr-extra-label\" data-aos=\"fade\" data-aos-left=\"\" data-aos-right=\"\" data-animation-offset=\"150\" data-animation-duration=\"600\"><span class=\"wpr-label\">Ano 1965<\/span><span class=\"wpr-sub-label\">Infusiones la Leonesa<\/span><\/time><div class=\"wpr-timeline-entry-inner\"><div class=\"wpr-main-line-icon wpr-icon\"><i aria-hidden=\"true\" class=\"far fa-flag\"><\/i><\/div><div class=\"wpr-story-info-vertical wpr-data-wrap \"  data-aos=\"fade\" data-aos-left=\"\" data-aos-right=\"\" data-animation-offset=\"150\" data-animation-duration=\"600\"><div class=\"wpr-animation-wrap wpr-timeline-media\"><img fetchpriority=\"high\" decoding=\"async\" width=\"705\" height=\"383\" src=\"https:\/\/manasul.pt\/wp-content\/uploads\/2023\/04\/manasul_leonesa.png\" class=\"attachment-full size-full\" alt=\"\" srcset=\"https:\/\/manasul.pt\/wp-content\/uploads\/2023\/04\/manasul_leonesa.png 705w, https:\/\/manasul.pt\/wp-content\/uploads\/2023\/04\/manasul_leonesa-300x163.png 300w\" sizes=\"(max-width: 705px) 100vw, 705px\" \/><\/div><div class=\"wpr-timeline-content-wrapper\"><div class=\"wpr-content-wrapper\"><div class=\"wpr-title-wrap\"><span class=\"wpr-title\">La Leonesa<\/span><\/div><div class=\"wpr-description\"><pre class=\"tw-data-text tw-text-large tw-ta\" dir=\"ltr\" data-placeholder=\"Tradu\u00e7\u00e3o\"><span class=\"Y2IQFc\" lang=\"pt\">Esta hist\u00f3ria come\u00e7a <\/span>em Ponferrada, (Espanha) num vale que cheira a flores. Neste lugar cercado pela natureza e localizado na bela Comarca del Bierzo (Le\u00f3n), vive a fam\u00edlia Escudero. Aqui nasceu a \u201cInfusiones La Leonesa\u201d, uma oficina artesanal que mais tarde se tornaria uma unidade industrial e sempre com um objetivo claro: Cuidar da sa\u00fade das pessoas atrav\u00e9s das infus\u00f5es.<\/pre><\/div><\/div><\/div><\/div>\n\t\t\t\t\t\t<\/div>\n\t\t\t\t<\/article><article class=\"wpr-timeline-entry wpr-right-aligned elementor-repeater-item-05145c8\" data-item-id=\"elementor-repeater-item-05145c8\"><time class=\"wpr-extra-label\" data-aos=\"fade\" data-aos-left=\"\" data-aos-right=\"\" data-animation-offset=\"150\" data-animation-duration=\"600\"><span class=\"wpr-label\">Ano 1980<\/span><span class=\"wpr-sub-label\">Manasul Internacional<\/span><\/time><div class=\"wpr-timeline-entry-inner\"><div class=\"wpr-main-line-icon wpr-icon\"><i aria-hidden=\"true\" class=\"fas fa-star\"><\/i><\/div><div class=\"wpr-story-info-vertical wpr-data-wrap \"  data-aos=\"fade\" data-aos-left=\"\" data-aos-right=\"\" data-animation-offset=\"150\" data-animation-duration=\"600\"><div class=\"wpr-animation-wrap wpr-timeline-media\"><img decoding=\"async\" width=\"900\" height=\"606\" src=\"https:\/\/manasul.pt\/wp-content\/uploads\/2023\/04\/manasul_hist-1.jpg\" class=\"attachment-full size-full\" alt=\"\" srcset=\"https:\/\/manasul.pt\/wp-content\/uploads\/2023\/04\/manasul_hist-1.jpg 900w, https:\/\/manasul.pt\/wp-content\/uploads\/2023\/04\/manasul_hist-1-300x202.jpg 300w, https:\/\/manasul.pt\/wp-content\/uploads\/2023\/04\/manasul_hist-1-768x517.jpg 768w, https:\/\/manasul.pt\/wp-content\/uploads\/2023\/04\/manasul_hist-1-800x539.jpg 800w\" sizes=\"(max-width: 900px) 100vw, 900px\" \/><\/div><div class=\"wpr-timeline-content-wrapper\"><div class=\"wpr-content-wrapper\"><div class=\"wpr-title-wrap\"><span class=\"wpr-title\">Manasul Internacional<\/span><\/div><div class=\"wpr-description\"><p>O primeiro produto que saiu dessa nova f\u00e1brica foi o Manasul, uma f\u00f3rmula exclusiva e eficaz para controle de peso e pris\u00e3o de ventre. A Manasul alcan\u00e7ou as ch\u00e1venas de milh\u00f5es de lares ao redor do mundo. O sucesso foi tanto que a empresa mudou seu nome para \u201cManasul Internacional\u201d.\u00a0 Foi a primeira multinacional espanhola de plantas medicinais, com escrit\u00f3rios na Su\u00ed\u00e7a, Cor\u00e9ia, Chile e Estados Unidos.<\/p><\/div><\/div><\/div><\/div>\n\t\t\t\t\t\t<\/div>\n\t\t\t\t<\/article><span class=\"wpr-year-wrap\"><span class=\"wpr-year-label wpr-year\">2006<\/span><\/span><article class=\"wpr-timeline-entry wpr-left-aligned elementor-repeater-item-0614c21\" data-item-id=\"elementor-repeater-item-0614c21\"><time class=\"wpr-extra-label\" data-aos=\"fade\" data-aos-left=\"\" data-aos-right=\"\" data-animation-offset=\"150\" data-animation-duration=\"600\"><span class=\"wpr-label\">Ano 2006<\/span><span class=\"wpr-sub-label\">Pharmadus Botanicals S.L.<\/span><\/time><div class=\"wpr-timeline-entry-inner\"><div class=\"wpr-main-line-icon wpr-icon\"><i aria-hidden=\"true\" class=\"far fa-lightbulb\"><\/i><\/div><div class=\"wpr-story-info-vertical wpr-data-wrap \"  data-aos=\"fade\" data-aos-left=\"\" data-aos-right=\"\" data-animation-offset=\"150\" data-animation-duration=\"600\"><div class=\"wpr-animation-wrap wpr-timeline-media\"><img decoding=\"async\" width=\"674\" height=\"384\" src=\"https:\/\/manasul.pt\/wp-content\/uploads\/2023\/04\/pharmadus_manasul.png\" class=\"attachment-full size-full\" alt=\"\" srcset=\"https:\/\/manasul.pt\/wp-content\/uploads\/2023\/04\/pharmadus_manasul.png 674w, https:\/\/manasul.pt\/wp-content\/uploads\/2023\/04\/pharmadus_manasul-300x171.png 300w\" sizes=\"(max-width: 674px) 100vw, 674px\" \/><\/div><div class=\"wpr-timeline-content-wrapper\"><div class=\"wpr-content-wrapper\"><div class=\"wpr-title-wrap\"><span class=\"wpr-title\">Pharmadus Botanicals S.L.<\/span><\/div><div class=\"wpr-description\"><p>Os mais novos da fam\u00edlia Escudero ap\u00f3s adquirirem forma\u00e7\u00e3o no mundo das plantas e neg\u00f3cios, iniciaram um novo projeto com muito amor e dedica\u00e7\u00e3o pelas plantas e o seu\u00a0 compromisso com a sa\u00fade das pessoas, atrav\u00e9s de investiga\u00e7\u00e3o e tecnologia. Esta nova empresa chama-se Pharmadus Botanicals e nasceu em 2006 em Camponaraya, Le\u00f3n.\u00a0<\/p><p><img loading=\"lazy\" decoding=\"async\" class=\"aligncenter wp-image-470 size-full\" src=\"https:\/\/manasul.pt\/wp-content\/uploads\/2023\/04\/manasul_cient.jpg\" alt=\"\" width=\"695\" height=\"455\" srcset=\"https:\/\/manasul.pt\/wp-content\/uploads\/2023\/04\/manasul_cient.jpg 695w, https:\/\/manasul.pt\/wp-content\/uploads\/2023\/04\/manasul_cient-300x196.jpg 300w\" sizes=\"(max-width: 695px) 100vw, 695px\" \/><\/p><p>Cumprimos com os regulamentos europeus mais exigentes para o desenvolvimento e produ\u00e7\u00e3o de produtos de infus\u00e3o de ervas. As instala\u00e7\u00f5es e processos foram pensados \u200b\u200bpara um cuidado especial com o produto, com os mais altos padr\u00f5es de Seguran\u00e7a Alimentar: atmosferas controladas, salas farmac\u00eauticas limpas, SAS pressurizado, laborat\u00f3rio pr\u00f3prio de controle microbiol\u00f3gico e f\u00edsico-qu\u00edmico (determina\u00e7\u00e3o de ingredientes ativos, controle de pesticidas , poluentes e metais pesados).<\/p><\/div><\/div><\/div><\/div>\n\t\t\t\t\t\t<\/div>\n\t\t\t\t<\/article><article class=\"wpr-timeline-entry wpr-right-aligned elementor-repeater-item-9840e93\" data-item-id=\"elementor-repeater-item-9840e93\"><time class=\"wpr-extra-label\" data-aos=\"fade\" data-aos-left=\"\" data-aos-right=\"\" data-animation-offset=\"150\" data-animation-duration=\"600\"><span class=\"wpr-label\">Ano 2023<\/span><span class=\"wpr-sub-label\">Projeto Pharmadus <\/span><\/time><div class=\"wpr-timeline-entry-inner\"><div class=\"wpr-main-line-icon wpr-icon\"><i aria-hidden=\"true\" class=\"fas fa-heart\"><\/i><\/div><div class=\"wpr-story-info-vertical wpr-data-wrap \"  data-aos=\"fade\" data-aos-left=\"\" data-aos-right=\"\" data-animation-offset=\"150\" data-animation-duration=\"600\"><div class=\"wpr-animation-wrap wpr-timeline-media\"><img loading=\"lazy\" decoding=\"async\" width=\"1046\" height=\"560\" src=\"https:\/\/manasul.pt\/wp-content\/uploads\/2023\/04\/manasul_fh.jpg\" class=\"attachment-full size-full\" alt=\"\" srcset=\"https:\/\/manasul.pt\/wp-content\/uploads\/2023\/04\/manasul_fh.jpg 1046w, https:\/\/manasul.pt\/wp-content\/uploads\/2023\/04\/manasul_fh-300x161.jpg 300w, https:\/\/manasul.pt\/wp-content\/uploads\/2023\/04\/manasul_fh-1024x548.jpg 1024w, https:\/\/manasul.pt\/wp-content\/uploads\/2023\/04\/manasul_fh-768x411.jpg 768w, https:\/\/manasul.pt\/wp-content\/uploads\/2023\/04\/manasul_fh-800x428.jpg 800w\" sizes=\"(max-width: 1046px) 100vw, 1046px\" \/><\/div><div class=\"wpr-timeline-content-wrapper\"><div class=\"wpr-content-wrapper\"><div class=\"wpr-title-wrap\"><span class=\"wpr-title\">Equipa Pharmadus<\/span><\/div><div class=\"wpr-description\"><p>Em cada ch\u00e1vena existe um grande esfor\u00e7o de inova\u00e7\u00e3o e desenvolvimento tecnol\u00f3gico, uma criteriosa sele\u00e7\u00e3o das mat\u00e9rias-primas, rigorosos controlos de qualidade e muito amor. Mas sem d\u00favida, o melhor da Pharmadus, o que traz verdadeiro valor s\u00e3o as PESSOAS: A equipa de grandes profissionais e colaboradores com quem constru\u00edmos o PROJETO PHARMADUS a cada dia. O seu conhecimento e paix\u00e3o torna \u00fanico todo o projeto.<\/p><\/div><\/div><\/div><\/div>\n\t\t\t\t\t\t<\/div>\n\t\t\t\t<\/article><\/div>    \n\t\t\t<\/div>\t\t\t\t<\/div>\n\t\t\t\t<\/div>\n\t\t\t\t\t<\/div>\n\t\t<\/div>\n\t\t\t\t\t<\/div>\n\t\t<\/section>\n\t\t\t\t<section class=\"elementor-section elementor-top-section elementor-element elementor-element-77b7b14 elementor-section-boxed elementor-section-height-default elementor-section-height-default wpr-particle-no wpr-jarallax-no wpr-parallax-no wpr-sticky-section-no wpr-equal-height-no\" data-id=\"77b7b14\" data-element_type=\"section\" data-e-type=\"section\">\n\t\t\t\t\t\t<div class=\"elementor-container elementor-column-gap-default\">\n\t\t\t\t\t<div class=\"elementor-column elementor-col-100 elementor-top-column elementor-element elementor-element-c85e424\" data-id=\"c85e424\" data-element_type=\"column\" data-e-type=\"column\">\n\t\t\t<div class=\"elementor-widget-wrap elementor-element-populated\">\n\t\t\t\t\t\t<div class=\"elementor-element elementor-element-7bf6af1 elementor-widget elementor-widget-spacer\" data-id=\"7bf6af1\" data-element_type=\"widget\" data-e-type=\"widget\" data-widget_type=\"spacer.default\">\n\t\t\t\t<div class=\"elementor-widget-container\">\n\t\t\t\t\t\t\t<div class=\"elementor-spacer\">\n\t\t\t<div class=\"elementor-spacer-inner\"><\/div>\n\t\t<\/div>\n\t\t\t\t\t\t<\/div>\n\t\t\t\t<\/div>\n\t\t\t\t\t<\/div>\n\t\t<\/div>\n\t\t\t\t\t<\/div>\n\t\t<\/section>\n\t\t\t\t<\/div>\n\t\t","protected":false},"excerpt":{"rendered":"<p>El Bierzo Ano 1965Infusiones la Leonesa La Leonesa Esta hist\u00f3ria come\u00e7a em Ponferrada, (Espanha) num vale que cheira a flores. Neste lugar cercado pela natureza e localizado na bela Comarca del Bierzo (Le\u00f3n), vive a fam\u00edlia Escudero. Aqui nasceu a \u201cInfusiones La Leonesa\u201d, uma oficina artesanal que mais tarde se tornaria uma unidade industrial e sempre com um objetivo claro: Cuidar da sa\u00fade das pessoas atrav\u00e9s das infus\u00f5es. Ano 1980Manasul Internacional Manasul Internacional O primeiro produto que saiu dessa nova f\u00e1brica foi o Manasul, uma f\u00f3rmula exclusiva e eficaz para controle de peso e pris\u00e3o de ventre. A Manasul alcan\u00e7ou as ch\u00e1venas de milh\u00f5es de lares ao redor do mundo. O sucesso foi tanto que a empresa mudou seu nome para \u201cManasul Internacional\u201d.\u00a0 Foi a primeira multinacional espanhola de plantas medicinais, com escrit\u00f3rios na Su\u00ed\u00e7a, Cor\u00e9ia, Chile e Estados Unidos. 2006 Ano 2006Pharmadus Botanicals S.L. Pharmadus Botanicals S.L. Os mais novos da fam\u00edlia Escudero ap\u00f3s adquirirem forma\u00e7\u00e3o no mundo das plantas e neg\u00f3cios, iniciaram um novo projeto com muito amor e dedica\u00e7\u00e3o pelas plantas e o seu\u00a0 compromisso com a sa\u00fade das pessoas, atrav\u00e9s de investiga\u00e7\u00e3o e tecnologia. Esta nova empresa chama-se Pharmadus Botanicals e nasceu em 2006 em Camponaraya, Le\u00f3n.\u00a0 Cumprimos com os regulamentos europeus mais exigentes para o desenvolvimento e produ\u00e7\u00e3o de produtos de infus\u00e3o de ervas. As instala\u00e7\u00f5es e processos foram pensados \u200b\u200bpara um cuidado especial com o produto, com os mais altos padr\u00f5es de Seguran\u00e7a Alimentar: atmosferas controladas, salas farmac\u00eauticas limpas, SAS pressurizado, laborat\u00f3rio pr\u00f3prio de controle microbiol\u00f3gico e f\u00edsico-qu\u00edmico (determina\u00e7\u00e3o de ingredientes ativos, controle de pesticidas , poluentes e metais pesados). Ano 2023Projeto Pharmadus Equipa Pharmadus Em cada ch\u00e1vena existe um grande esfor\u00e7o de inova\u00e7\u00e3o e desenvolvimento tecnol\u00f3gico, uma criteriosa sele\u00e7\u00e3o das mat\u00e9rias-primas, rigorosos controlos de qualidade e muito amor. Mas sem d\u00favida, o melhor da Pharmadus, o que traz verdadeiro valor s\u00e3o as PESSOAS: A equipa de grandes profissionais e colaboradores com quem constru\u00edmos o PROJETO PHARMADUS a cada dia. O seu conhecimento e paix\u00e3o torna \u00fanico todo o projeto.<\/p>\n","protected":false},"author":1,"featured_media":0,"parent":0,"menu_order":0,"comment_status":"closed","ping_status":"closed","template":"elementor_header_footer","meta":{"footnotes":""},"class_list":["post-17","page","type-page","status-publish","hentry"],"_links":{"self":[{"href":"https:\/\/manasul.pt\/index.php\/wp-json\/wp\/v2\/pages\/17","targetHints":{"allow":["GET"]}}],"collection":[{"href":"https:\/\/manasul.pt\/index.php\/wp-json\/wp\/v2\/pages"}],"about":[{"href":"https:\/\/manasul.pt\/index.php\/wp-json\/wp\/v2\/types\/page"}],"author":[{"embeddable":true,"href":"https:\/\/manasul.pt\/index.php\/wp-json\/wp\/v2\/users\/1"}],"replies":[{"embeddable":true,"href":"https:\/\/manasul.pt\/index.php\/wp-json\/wp\/v2\/comments?post=17"}],"version-history":[{"count":3,"href":"https:\/\/manasul.pt\/index.php\/wp-json\/wp\/v2\/pages\/17\/revisions"}],"predecessor-version":[{"id":31091,"href":"https:\/\/manasul.pt\/index.php\/wp-json\/wp\/v2\/pages\/17\/revisions\/31091"}],"wp:attachment":[{"href":"https:\/\/manasul.pt\/index.php\/wp-json\/wp\/v2\/media?parent=17"}],"curies":[{"name":"wp","href":"https:\/\/api.w.org\/{rel}","templated":true}]}}